{"id":285,"date":"2025-03-12T09:15:54","date_gmt":"2025-03-12T08:15:54","guid":{"rendered":"http:\/\/www.batailledecastillon.com\/?page_id=285"},"modified":"2026-03-31T16:01:51","modified_gmt":"2026-03-31T14:01:51","slug":"cgv","status":"publish","type":"page","link":"https:\/\/www.batailledecastillon.com\/en\/cgv\/","title":{"rendered":"GENERAL TERMS AND CONDITIONS"},"content":{"rendered":"<h2 class=\"wp-block-heading\">CONDITIONS G\u00c9N\u00c9RALES DE VENTES BILLETTERIE \u2013 Particuliers : 31 mars 2026<\/h2>\n\n\n\n<p>1 - INTRODUCTORY PROVISIONS<br>Sauf stipulations contraires \u00e9crites et sign\u00e9es par les parties, les pr\u00e9sentes Conditions G\u00e9n\u00e9rales de Ventes (ci-apr\u00e8s CGV) s\u2019appliquent dans leur int\u00e9gralit\u00e9 \u00e0 toute offre de billetterie sur le site de Castegens (ci-apr\u00e8s La Bataille) telle que l\u2019acc\u00e8s au Parc Ali\u00e9nor et au spectacle de la Bataille de Castillon (ci-apr\u00e8s les Prestations) vendus par l\u2019Association Castillon 1453 (ci-apr\u00e8s le Vendeur) aupr\u00e8s d\u2019individu ou d\u2019ensemble d\u2019individus traitant directement avec l\u2019association et venant \u00e0 moins de 20 personnes (ci-apr\u00e8s les Clients). Elles en constituent les conditions essentielles et d\u00e9terminantes et pr\u00e9valent sur tout document \u00e9manant du Client ou prospectus et catalogues \u00e9mis par le Vendeur qui n\u2019ont qu\u2019une valeur indicative. D\u00e8s lors, toute commande de Prestations aupr\u00e8s du Vendeur implique, de la part du Client, une acceptation sans r\u00e9serve des CGV. Le Vendeur pourra \u00e0 tout moment modifier les CGV. Le fait, pour le Vendeur, de ne pas se pr\u00e9valoir, \u00e0 un moment donn\u00e9, d\u2019une quelconque clause des CGV, ne saurait \u00eatre interpr\u00e9t\u00e9 comme renonciation \u00e0 se pr\u00e9valoir ult\u00e9rieurement de l\u2019ensemble des clauses. Si l\u2019une des clauses des CGV ne se trouve nulle o\u00f9 annul\u00e9e pour quelque raison que ce soit, les autres clauses n\u2019en seront pas affect\u00e9es et les Parties n\u00e9gocieront de bonne foi pour modifier la clause annul\u00e9e. Dans les CGV, les \u2018\u2019Titres d\u2019acc\u00e8s\u2019\u2019 d\u00e9signent les billets d\u2019entr\u00e9e au spectacle et aux animations propos\u00e9s au Parc Ali\u00e9nor.<br>2 - ORDERING SERVICES (HEREINAFTER REFERRED TO AS THE ORDER)<br>2.1. Passation de la Commande La Commande s\u2019effectue : Au guichet du Vendeur, situ\u00e9 7 All\u00e9e de la R\u00e9publique, BP 89, 33350 Castillon-la-Bataille. &#8211; par t\u00e9l\u00e9phone au +33 (0) 5 57 40 14 53 de 9h30 \u00e0 17h00, du Lundi au Vendredi (tarif d\u2019une communication normale) ; Sur le Site Internet du Vendeur, accessible \u00e0 l\u2019adresse \u2018\u2019https:\/\/www.batailledecastillon.com\u2019\u2019 (ci-apr\u00e8s le Site Internet). Le Client pr\u00e9cise dans la Commande la date des Prestations, le nombre de Titres d\u2019acc\u00e8s demand\u00e9 et leur adresse de livraison (adresse postale et e-mail), ainsi que le nom des b\u00e9n\u00e9ficiaires des Titres d\u2019acc\u00e8s.<br>Dans le cas o\u00f9 l\u2019acheteur b\u00e9n\u00e9ficie d\u2019un tarif pr\u00e9f\u00e9rentiel (notamment par l\u2019utilisation d\u2019un code promotionnel, d\u2019un tarif adh\u00e9rent ou de toute autre r\u00e9duction \u00e9quivalente), il lui appartient d\u2019en informer express\u00e9ment le vendeur d\u00e8s le d\u00e9but de l\u2019appel t\u00e9l\u00e9phonique lors de la r\u00e9servation, afin de pouvoir en b\u00e9n\u00e9ficier. \u00c0 d\u00e9faut, aucune r\u00e9clamation ne sera recevable si la r\u00e9duction n\u2019a pas \u00e9t\u00e9 appliqu\u00e9e, et aucun remboursement ou avoir ne pourra \u00eatre exig\u00e9 ult\u00e9rieurement.<br>Proc\u00e9dure de commande en ligne sur le Site Internet : La Commande est pass\u00e9e en langue fran\u00e7aise ou anglaise. \u00c0 cet effet, le Client choisit les Prestations, pour une date d\u00e9termin\u00e9e, et les place dans son panier. Apr\u00e8s avoir cliqu\u00e9 sur \u2018\u2019R\u00e9server\u2019\u2019, il reporte ses informations dans les champs pr\u00e9vus \u00e0 cet effet (un retour \u00e0 l\u2019\u00e9tape pr\u00e9c\u00e9dente \u00e9tant toujours possible, dans le but de modifier les \u00e9l\u00e9ments indiqu\u00e9s), puis il v\u00e9rifie la Commande, incluant la d\u00e9signation, le prix et les modalit\u00e9s de paiement des Prestations, ainsi que la participation aux frais de dossier d\u2019un montant de 0.40 \u20ac TTC par billet spectacle (toutes cat\u00e9gories confondues), avant de la valider. Le Vendeur en accusera r\u00e9ception par courriel, comprenant en pi\u00e8ce jointe les e-billets une fois le r\u00e8glement effectu\u00e9 (pas d\u2019obligation d\u2019imprimer les billets, possibilit\u00e9 de les pr\u00e9senter au contr\u00f4le d\u2019acc\u00e8s sur smartphone). La gestion des r\u00e9servations et l\u2019\u00e9mission des billets sont effectu\u00e9es au moyen du logiciel de billetterie WELOGIN.<br>2.2. Effet de la Commande : La Commande est ferme et d\u00e9finitive pour le Client, qui ne peut l\u2019annuler ou la modifier que dans les conditions pr\u00e9vues par les CGV. Elle est ferme et d\u00e9finitive pour le Vendeur apr\u00e8s confirmation \u00e9crite (ci-apr\u00e8s Confirmation) de la Commande de sa part, par voie \u00e9lectronique. Apr\u00e8s la commande d\u00e9finitive du Client, celui-ci, peut contacter au 05 57 40 14 53.<br>3 - PRICES<br>Les prix des Prestations sont ceux indiqu\u00e9s sur les d\u00e9pliants et\/ou brochures du Vendeur et\/ou sur le Site Internet. Ils sont exprim\u00e9s en \u20acuros et TTC. Ils ne comprennent pas les frais de dossier des Titres d\u2019acc\u00e8s, ou frai de modification (si besoin), ni les d\u00e9penses personnelles des Clients dans le parc Ali\u00e9nor. Lorsque le tarif est conditionn\u00e9 par l\u2019\u00e2ge des enfants, l\u2019\u00e2ge des enfants pris en compte est celui du premier jour de l\u2019ex\u00e9cution des Prestations. Un justificatif de l\u2019\u00e2ge des enfants pourra \u00eatre demand\u00e9 \u00e0 tout moment par le personnel du Vendeur. \u00c0 d\u00e9faut de pr\u00e9sentation d\u2019un tel justificatif, il sera fait application du tarif adulte. L\u2019enfant doit \u00eatre accompagn\u00e9 d\u2019un adulte majeur pour entrer sur le site du spectacle. Des tarifs pr\u00e9f\u00e9rentiels peuvent \u00eatre accord\u00e9s aux personnes en situation de handicap (PSH), sur pr\u00e9sentation d\u2019un justificatif en cours de validit\u00e9. \u00c0 d\u00e9faut de pr\u00e9sentation d\u2019un tel justificatif, le tarif standard sera appliqu\u00e9.<br>4 - PAYMENT TERMS<br>Commandes au guichet : le r\u00e8glement s\u2019effectue, au moment de la Commande, par carte bancaire, par ch\u00e8que libell\u00e9 \u00e0 l\u2019ordre du Vendeur, virement, ch\u00e8ques vacances ou en esp\u00e8ce. Commandes \u00e0 distances (t\u00e9l\u00e9phone, t\u00e9l\u00e9copie, e-mail, Site Internet) : le r\u00e8glement s\u2019effectue par carte bancaire selon une proc\u00e9dure s\u00e9curis\u00e9e ou avec un lien de paiement s\u00e9curis\u00e9 envoy\u00e9 par mail.<br>5 - ISSUE OF ADMISSION TICKETS<br>Once the Order has been paid for in full, the Access Passes and Exchange Vouchers will be, at the Customer's option :<\/p>\n\n\n\n<p>Soit retir\u00e9s \u00e0 l\u2019un des guichets du Vendeur.<br>In the event of loss or damage to Access Tickets, the Customer shall inform the Vendor as soon as possible and collect regenerated tickets from the Vendor's ticket office on the day of entry to the Battle site.<br>6 - TERMS AND CONDITIONS<br>Les Titres d\u2019acc\u00e8s sont dat\u00e9s et valables uniquement pour la date qu\u2019ils mentionnent. L\u2019auberge Ali\u00e9nor est accessible aux Clients munis d\u2019un Titre d\u2019acc\u00e8s le jour m\u00eame d\u2019un billet parc ou \u00e0 partir de 19 h avec un billet spectacle seul. Les billets restauration sont uniquement accept\u00e9s \u00e0 l\u2019auberge Ali\u00e9nor au sein du parc. Ils sont uniquement valables pendant la dur\u00e9e de la saison en cours. Les animaux de compagnies ne sont pas accept\u00e9s sur le site pour ne pas g\u00eaner les animaux pr\u00e9sents sur le site du spectacle. Chaque billet spectacle payant fait l\u2019objet de l\u2019attribution d\u2019une place pr\u00e9cise. Les enfants b\u00e9n\u00e9ficiant d\u2019une entr\u00e9e gratuite sont assis sur les genoux de leur accompagnant durant toute la repr\u00e9sentation, auront \u00e9galement besoin d\u2019un billet (\u00e0 demander sur place avant le contr\u00f4le d\u2019acc\u00e8s). Les places en tribunes doivent \u00eatre occup\u00e9es au plus tard \u00e0 22h00 en juillet et Aout. Au-del\u00e0 de cet horaire, les num\u00e9ros de places initialement achet\u00e9es ne peuvent garantis.<br>Les entr\u00e9es pour le parc Ali\u00e9nor sont valables de 16 h 30 \u00e0 21 h 00, les billets restauration Auberge de 19 h 00 \u00e0 21 h 00, les billets spectacle \u00e0 partir de 19 h 00 (21 h 00 ouverture des tribunes) d\u00e9but du spectacle \u00e0 22 h 00 en juillet et Aout (22 h 30 le premier week-end).<br>7 - CLAIMS<br>Toute r\u00e9clamation aff\u00e9rente \u00e0 la billetterie doit \u00eatre adress\u00e9e au Vendeur par lettre recommand\u00e9e avec accus\u00e9 de r\u00e9ception, accompagn\u00e9e de tous justificatifs, les Titres d\u2019acc\u00e8s, comportant le nombre de Clients. Le tout dans un d\u00e9lai de 15 jours \u00e0 compter de l\u2019ex\u00e9cution des Prestations. Tout consommateur peut recourir gratuitement \u00e0 une proc\u00e9dure de m\u00e9diation aupr\u00e8s de : M\u00e9diateur du Tourisme et du Voyage \u2013 BP 80 303 \u2013 85 823 Paris Cedex 17 &#8211; selon les modalit\u00e9s fix\u00e9es sur le site \u2018\u2019www.mtv.travel\/\u2019\u2019 dans les quatre-vingt-dix (90) jours suivant la saisie du Vendeur et dans un d\u00e9lai maximal d\u2019un an \u00e0 compter de la r\u00e9clamation \u00e9crite formul\u00e9e aupr\u00e8s du Vendeur.<br>8 - MODIFICATIONS AND CANCELLATIONS BY THE CUSTOMER - CANCELLATION INSURANCE<br>Toute demande de modification concernant les billets (notamment un changement de date, de si\u00e8ge, type de produit et\/ou de cat\u00e9gorie tribunes) entra\u00eenera la facturation de frais de dossier de 5 \u20ac TTC par billet de spectacle, toutes cat\u00e9gories confondues, sous r\u00e9serve de la disponibilit\u00e9 des cat\u00e9gories initialement achet\u00e9es.<br>Aucun remboursement ne sera accord\u00e9 en cas de changement vers une cat\u00e9gorie inf\u00e9rieure. En revanche, toute demande de passage \u00e0 une cat\u00e9gorie sup\u00e9rieure donnera lieu au paiement de la diff\u00e9rence de prix correspondante.<br>Les Titres d\u2019acc\u00e8s livr\u00e9s au Client ou retir\u00e9s sur place ne sont pas remboursable. Si la demande de modification porte sur la diminution du nombre de personnes sollicitant les Prestations ou sur l\u2019annulation d\u2019une ou plusieurs des Prestations command\u00e9es, la modification sera consid\u00e9r\u00e9e comme une annulation au sens de l\u2019alin\u00e9a suivant. Annulation ou non pr\u00e9sentation du Client le jour dit : en cas d\u2019annulation de tout ou partie de la Commande par le Client, quelle qu\u2019en soit la cause, celui-ci ne pourra pr\u00e9tendre \u00e0 aucun remboursement de la part du Vendeur. Concernant les Prestations de restauration ayant fait l\u2019objet d\u2019une r\u00e9servation, si le Client ne se pr\u00e9sente pas au restaurant au moins une demi-heure avant l\u2019heure de d\u00e9but du spectacle, le Client pourra \u00eatre redirig\u00e9 par le personnel du Vendeur vers un autre point de restauration ; en ce cas, si le tarif de ce point de restauration est inf\u00e9rieur au tarif du restaurant initial, il ne sera proc\u00e9d\u00e9 \u00e0 aucun remboursement.<br>Une annulation peut \u00eatre demand\u00e9 dans les conditions suivantes : en cas de maladie ou incapacit\u00e9 temporaire grave, incapacit\u00e9 permanente, accident grave ou d\u00e9c\u00e8s ; dommage mat\u00e9riel ou cambriolage n\u00e9cessitant la pr\u00e9sence du client ; dommages graves au v\u00e9hicule de l\u2019assur\u00e9 survenant dans les quatre heures pr\u00e9c\u00e9dant le d\u00e9part ; convocation \u00e0 un examen de rattrapage dans le cadre des \u00e9tudes sup\u00e9rieures ; obligation de pr\u00e9sence notifi\u00e9e par l\u2019employeur du client ; naissance de l\u2019enfant de l\u2019assur\u00e9 ; gr\u00e8ve g\u00e9n\u00e9rale des transports ; vol des titres d\u2019acc\u00e8s et r\u00e9servations associ\u00e9es. Les frais de dossier relatifs aux ventes en ligne, d\u2019un montant de 0,40 \u20ac TTC par billet de spectacle, acquitt\u00e9s au moment de la commande, ne sont pas remboursables, y compris en cas d\u2019annulation de la commande par le vendeur et\/ou par l\u2019acheteur, ainsi que dans les autres situations mentionn\u00e9es ci-dessus. Ces frais sont en effet consid\u00e9r\u00e9s comme d\u00e9finitivement acquis d\u00e8s le traitement de la commande en ligne.<br>9 - MODIFICATION AND CANCELLATION BY THE SELLER<br>Le Vendeur peut \u00e0 tout moment supprimer ou modifier les Prestations propos\u00e9es dans ses brochures et sur son site Internet. Lorsque, avant la date d\u2019ex\u00e9cution des Prestations, l\u2019ex\u00e9cution de l\u2019une des Prestations essentielles (\u00e0 savoir : l\u2019acc\u00e8s au site de Castegens et les prestations de restauration) de la Commande est rendue impossible par suite d\u2019un \u00e9v\u00e8nement ext\u00e9rieur qui s\u2019impose au Vendeur, celui-ci en avertit le Client dans les meilleurs d\u00e9lais et lui propose une modification de la Commande, par courrier, courriel ou t\u00e9l\u00e9phone. Le Client peut alors : &#8211; soit demander la r\u00e9solution de la Commande, sans p\u00e9nalit\u00e9 ni frais et avec remboursement int\u00e9gral, par lettre recommand\u00e9e avec accus\u00e9 de r\u00e9ception adress\u00e9e au Vendeur dans un d\u00e9lai de vingt jours \u00e0 compter de la date initialement convenue pour ces prestations, &#8211; soit accepter la modification propos\u00e9e par le Vendeur. Le Client fait conna\u00eetre son choix au Vendeur, par \u00e9crit, dans les meilleurs d\u00e9lais. Lorsque, au cours de la venue du Client sur le site de Castegens, l\u2019une des Prestations de la Commande ne peut \u00eatre ex\u00e9cut\u00e9e par le Vendeur pour une raison injustifi\u00e9e et autre que la force majeure, le Vendeur propose au Client, dans la mesure du possible, une Prestation en remplacement de la Prestation non ex\u00e9cut\u00e9e. En cas d\u2019annulation, par le Vendeur ou l\u2019organisateur de cette manifestation, d\u2019une repr\u00e9sentation de la Bataille, (avec la contrainte d\u2019un arr\u00eat\u00e9 pr\u00e9fectoral ou non, en cas de pluie le spectacle est maintenu) sous la r\u00e9serve expresse que l\u2019annulation ait lieu avant que la moiti\u00e9 du spectacle de la Bataille soit \u00e9coul\u00e9e, les billets du spectacle seront int\u00e9gralement rembours\u00e9s sur demande. Cette demande devra imp\u00e9rativement intervenir par \u00e9crit, accompagn\u00e9e de justificatifs, dans les 30 jours suivant l\u2019annulation sous peine d\u2019irrecevabilit\u00e9.<br>10 - INTELLECTUAL PROPERTY<br>The Seller retains full and complete ownership of its intellectual property rights. The Customer shall refrain from copying or imitating them, directly or indirectly. Any reproduction of the brand and identification signs belonging to the Seller is subject to prior written approval by the Seller.<br>11 - PERSONAL DATA<br>Sous r\u00e9serve de l\u2019acceptation du Client au moment de la Commande, ces donn\u00e9es personnelles font l\u2019objet d\u2019un traitement informatique permettant de fournir des informations aux Clients sur les prestations et les offres du Vendeur. Ces donn\u00e9es personnelles peuvent \u00e9galement \u00eatre transmises aux partenaires du Vendeur, lorsque cela est utile \u00e0 l\u2019ex\u00e9cution des Prestations, notamment au partenaire du Vendeur assurant l\u2019enregistrement des r\u00e9servations par internet. Conform\u00e9ment aux dispositions l\u00e9gales, les Clients disposent d\u2019un droit d\u2019acc\u00e8s, de rectification et d\u2019opposition aux donn\u00e9es personnelles les concernant. Ce droit peut \u00eatre exerc\u00e9 : En s\u2019inscrivant gratuitement sur une liste d\u2019opposition au d\u00e9marchage t\u00e9l\u00e9phonique ; En \u00e9crivant au Vendeur \u00e0 l\u2019adresse : Association Castillon 1453, 5 All\u00e9e de la R\u00e9publique BP 89, 33 350 Castillon-la-Bataille. Conform\u00e9ment \u00e0 l\u2019article L.223-2 du code de la consommation, le Client est inform\u00e9 de son droit \u00e0 s\u2019inscrire sur la liste d\u2019opposition au d\u00e9marchage t\u00e9l\u00e9phonique, accessible depuis le site http:\/\/www.bloctel.gouv.fr<br>12 - LIABILITY<br>The Vendor shall under no circumstances be held liable in the event of non-execution or poor execution of the Order attributable to the Customer or to the unforeseeable and insurmountable act of a third party.<br>13 - FORCE MAJEURE<br>The Vendor's obligations shall be automatically suspended, without the Vendor being liable for any non-performance whatsoever, in the event of force majeure and, in general, in the event of an event beyond its control preventing the normal performance of the Order. The Vendor shall inform the Customer of the occurrence of such an event by e-mail or telephone, specifying the Services concerned. If the force majeure event or its consequences continue for more than 20 days from the date of the e-mail or telephone call, either Party may cancel that part of the Order which the Vendor is unable to fulfil, by registered letter with acknowledgement of receipt, without such cancellation giving rise to any compensation, penalty or indemnity whatsoever.<br>14 \u2022 MODIFICATION DES CGV<br>Le Vendeur se r\u00e9serve le droit de modifier les CGP \u00e0 tout moment sans pr\u00e9avis. Ces modifications se mat\u00e9rialisent par la mise \u00e0 jour et la datation desdites conditions. Il est entendu que ces modifications ne s\u2019appliqueront qu\u2019aux Commandes effectu\u00e9es post\u00e9rieurement. Il est donc imp\u00e9ratif que le Client consulte les conditions g\u00e9n\u00e9rales et particuli\u00e8res au moment o\u00f9 il effectue sa r\u00e9servation, notamment afin de s&rsquo;assurer des dispositions en vigueur.<br>15 - CONTACT DETAILS<br>Vendeur et organisateur : Association Castillon 1453, BP 89, 7 All\u00e9e de la R\u00e9publique, 33350 Castillon-la-Bataille, d\u00e9claration de cr\u00e9ation : n\u00b0 W335003227 du 14\/11\/2015 (sous-pr\u00e9fecture de Libourne), SIREN 815 034 251, licences entrepreneur de spectacle : 1-013029, 2-013029 et 3-013023 Assureur : Groupama Centre-Atlantique &#8211; 2 avenue de Limoges &#8211; CS 60001 &#8211; 79044 Niort Cedex 9.<br>16 - DISPUTES<br>Les CGV et l\u2019ex\u00e9cution des Commandes sont r\u00e9gies par le droit fran\u00e7ais. Tout litige survenant \u00e0 l\u2019occasion de la conclusion, de l\u2019ex\u00e9cution, de l\u2019interpr\u00e9tation ou de la rupture de la Commande sera soumis \u00e0 la comp\u00e9tence des tribunaux fran\u00e7ais, sous r\u00e9serve, (i) des professionnels pour lesquels les Parties conviennent d\u2019une attribution de juridiction au Tribunal de Commerce de Libourne, (ii) le cas \u00e9ch\u00e9ant, des r\u00e8gles imp\u00e9ratives du pays de r\u00e9sidence du Client, dans le cas o\u00f9 le Client est un non professionnel r\u00e9sidant dans un \u00e9tat \u00e9tranger vers lequel le Vendeur dirige ses activit\u00e9s commerciales.<br>17 \u2022 R\u00e9tractation<br>Conform\u00e9ment \u00e0 l\u2019article L221-28 du Code de la consommation, les billets pour des prestations de loisirs fournies \u00e0 une date d\u00e9termin\u00e9e ne sont pas soumis au droit de r\u00e9tractation.<\/p>\n\n\n\n<p>Soit adress\u00e9s imm\u00e9diatement en suivant par courriel (e-billet), dans le cas d\u2019un achat r\u00e9alis\u00e9 par internet ou par t\u00e9l\u00e9phone ;<\/p>\n\n\n\n<p>Soit adress\u00e9s par voie postale sous un d\u00e9lai maximum de 7 jours ouvrables, sous r\u00e9serve du paiement des frais de dossier applicable de 5 \u20ac TTC, \u00e0 l\u2019adresse indiqu\u00e9e par le Client et valid\u00e9e par le Vendeur lors de l\u2019attribution d\u2019un num\u00e9ro de r\u00e9servation, dans le cas d\u2019un achat par t\u00e9l\u00e9phone.<\/p>\n\n\n\n<p><\/p>","protected":false},"excerpt":{"rendered":"<p>CONDITIONS G\u00c9N\u00c9RALES DE VENTES BILLETTERIE \u2013 Particuliers : 31 mars 2026 1 \u2022 DISPOSITIONS LIMINAIRESSauf stipulations contraires \u00e9crites et sign\u00e9es par les parties, les pr\u00e9sentes Conditions G\u00e9n\u00e9rales de Ventes (ci-apr\u00e8s CGV) s\u2019appliquent dans leur int\u00e9gralit\u00e9 \u00e0 toute offre de billetterie sur le site de Castegens (ci-apr\u00e8s La Bataille) telle que l\u2019acc\u00e8s au Parc Ali\u00e9nor et [&hellip;]<\/p>","protected":false},"author":1,"featured_media":0,"parent":0,"menu_order":13,"comment_status":"closed","ping_status":"closed","template":"","meta":{"_acf_changed":false,"slim_seo":{"title":"La Bataille de Castillon - CGV","description":"CONDITIONS G\u00c9N\u00c9RALES DE VENTES BILLETTERIE \u2013 Particuliers : 31 mars 2026 1 \u2022 DISPOSITIONS LIMINAIRES Sauf stipulations contraires \u00e9crites et sign\u00e9es par les par"},"footnotes":""},"class_list":["post-285","page","type-page","status-publish","hentry"],"acf":[],"_links":{"self":[{"href":"https:\/\/www.batailledecastillon.com\/en\/wp-json\/wp\/v2\/pages\/285","targetHints":{"allow":["GET"]}}],"collection":[{"href":"https:\/\/www.batailledecastillon.com\/en\/wp-json\/wp\/v2\/pages"}],"about":[{"href":"https:\/\/www.batailledecastillon.com\/en\/wp-json\/wp\/v2\/types\/page"}],"author":[{"embeddable":true,"href":"https:\/\/www.batailledecastillon.com\/en\/wp-json\/wp\/v2\/users\/1"}],"replies":[{"embeddable":true,"href":"https:\/\/www.batailledecastillon.com\/en\/wp-json\/wp\/v2\/comments?post=285"}],"version-history":[{"count":5,"href":"https:\/\/www.batailledecastillon.com\/en\/wp-json\/wp\/v2\/pages\/285\/revisions"}],"predecessor-version":[{"id":1968,"href":"https:\/\/www.batailledecastillon.com\/en\/wp-json\/wp\/v2\/pages\/285\/revisions\/1968"}],"wp:attachment":[{"href":"https:\/\/www.batailledecastillon.com\/en\/wp-json\/wp\/v2\/media?parent=285"}],"curies":[{"name":"wp","href":"https:\/\/api.w.org\/{rel}","templated":true}]}}