{"id":283,"date":"2025-03-12T09:15:45","date_gmt":"2025-03-12T08:15:45","guid":{"rendered":"http:\/\/www.batailledecastillon.com\/?page_id=283"},"modified":"2026-02-27T14:48:41","modified_gmt":"2026-02-27T13:48:41","slug":"legal-information","status":"publish","type":"page","link":"https:\/\/www.batailledecastillon.com\/en\/legal-information\/","title":{"rendered":"Legal information"},"content":{"rendered":"<p>The \"Battle of Castillon\" show is produced by :<\/p>\n\n\n\n<p>The Castillon 1453 Association \"An area at the heart of history<br>5 all\u00e9e de la R\u00e9publique BP89<br>33 350 Castillon-la-Bataille<\/p>\n\n\n\n<p><strong>Declaration of creation&nbsp;<\/strong>No. W335003227 dated 14\/11\/2015 (Libourne ss-pr\u00e9fecture)<br><strong>SIREN&nbsp;<\/strong>815 034 251 - APE Code: 7990Z<br><strong>Intra-Community VAT number&nbsp;<\/strong>: FR 00 815034251<\/p>\n\n\n\n<p><strong>Entertainment licences<\/strong>\u00a0: 1 \u2013 013029 \/ 2 \u2013 013051 \/ 3 &#8211; 013023<br><strong>President<\/strong>\u00a0: C\u00e9cile Laforgue<br><strong>Treasurer<\/strong>\u00a0Sylvie Lafage<\/p>\n\n\n\n<p>You have the right to access, modify, rectify and delete data concerning you (art. 34 of the French Data Protection Act).<br>To exercise this right, please contact :<br>Castillon 1453<br>5 All\u00e9e de la R\u00e9publique - BP 89<br>33 350 Castillon-la-Bataille<\/p>","protected":false},"excerpt":{"rendered":"<p>Le spectacle de \u00ab\u00a0la Bataille de Castillon\u00a0\u00bb est produit par : L&rsquo;Association Castillon 1453 \u00ab\u00a0Un territoire au c\u0153ur de l&rsquo;Histoire\u00a0\u00bb5 all\u00e9e de la R\u00e9publique BP8933 350 Castillon-la-Bataille D\u00e9claration de cr\u00e9ation&nbsp;: n\u00b0 W335003227 du 14\/11\/2015 (ss-pr\u00e9fecture de Libourne)SIREN&nbsp;: 815 034 251 &#8211; Code APE : 7990Zn\u00b0 TVA intracommuntaire&nbsp;: FR 00 815034251 Licences entrepreneur de spectacle\u00a0: 1 [&hellip;]<\/p>","protected":false},"author":1,"featured_media":0,"parent":0,"menu_order":12,"comment_status":"closed","ping_status":"closed","template":"","meta":{"_acf_changed":false,"slim_seo":{"title":"La Bataille de Castillon - Mentions l\u00e9gales","description":"Le spectacle de \"la Bataille de Castillon\" est produit par : L'Association Castillon 1453 \"Un territoire au c\u0153ur de l'Histoire\" 5 all\u00e9e de la R\u00e9publique BP89 33"},"footnotes":""},"class_list":["post-283","page","type-page","status-publish","hentry"],"acf":[],"_links":{"self":[{"href":"https:\/\/www.batailledecastillon.com\/en\/wp-json\/wp\/v2\/pages\/283","targetHints":{"allow":["GET"]}}],"collection":[{"href":"https:\/\/www.batailledecastillon.com\/en\/wp-json\/wp\/v2\/pages"}],"about":[{"href":"https:\/\/www.batailledecastillon.com\/en\/wp-json\/wp\/v2\/types\/page"}],"author":[{"embeddable":true,"href":"https:\/\/www.batailledecastillon.com\/en\/wp-json\/wp\/v2\/users\/1"}],"replies":[{"embeddable":true,"href":"https:\/\/www.batailledecastillon.com\/en\/wp-json\/wp\/v2\/comments?post=283"}],"version-history":[{"count":1,"href":"https:\/\/www.batailledecastillon.com\/en\/wp-json\/wp\/v2\/pages\/283\/revisions"}],"predecessor-version":[{"id":1954,"href":"https:\/\/www.batailledecastillon.com\/en\/wp-json\/wp\/v2\/pages\/283\/revisions\/1954"}],"wp:attachment":[{"href":"https:\/\/www.batailledecastillon.com\/en\/wp-json\/wp\/v2\/media?parent=283"}],"curies":[{"name":"wp","href":"https:\/\/api.w.org\/{rel}","templated":true}]}}