{"id":138,"date":"2025-02-27T14:24:07","date_gmt":"2025-02-27T13:24:07","guid":{"rendered":"http:\/\/www.batailledecastillon.com\/?page_id=138"},"modified":"2025-11-03T09:27:25","modified_gmt":"2025-11-03T08:27:25","slug":"schedule-dates","status":"publish","type":"page","link":"https:\/\/www.batailledecastillon.com\/en\/schedule-dates\/","title":{"rendered":"Dates et horaires"},"content":{"rendered":"","protected":false},"excerpt":{"rendered":"","protected":false},"author":1,"featured_media":0,"parent":0,"menu_order":3,"comment_status":"closed","ping_status":"closed","template":"page-infos-pratiques.php","meta":{"_acf_changed":false,"slim_seo":{"description":"En voiture, covoiturage, v\u00e9lo, bus ou train, d\u00e9couvrez les opportunit\u00e9s de visite ! Route de la bataille 33350 Belv\u00e8s de Castillon","title":"La Bataille de Castillon - Dates et horaires"},"footnotes":""},"class_list":["post-138","page","type-page","status-publish","hentry"],"acf":[],"_links":{"self":[{"href":"https:\/\/www.batailledecastillon.com\/en\/wp-json\/wp\/v2\/pages\/138","targetHints":{"allow":["GET"]}}],"collection":[{"href":"https:\/\/www.batailledecastillon.com\/en\/wp-json\/wp\/v2\/pages"}],"about":[{"href":"https:\/\/www.batailledecastillon.com\/en\/wp-json\/wp\/v2\/types\/page"}],"author":[{"embeddable":true,"href":"https:\/\/www.batailledecastillon.com\/en\/wp-json\/wp\/v2\/users\/1"}],"replies":[{"embeddable":true,"href":"https:\/\/www.batailledecastillon.com\/en\/wp-json\/wp\/v2\/comments?post=138"}],"version-history":[{"count":22,"href":"https:\/\/www.batailledecastillon.com\/en\/wp-json\/wp\/v2\/pages\/138\/revisions"}],"predecessor-version":[{"id":1900,"href":"https:\/\/www.batailledecastillon.com\/en\/wp-json\/wp\/v2\/pages\/138\/revisions\/1900"}],"wp:attachment":[{"href":"https:\/\/www.batailledecastillon.com\/en\/wp-json\/wp\/v2\/media?parent=138"}],"curies":[{"name":"wp","href":"https:\/\/api.w.org\/{rel}","templated":true}]}}