{"id":136,"date":"2025-02-27T14:13:09","date_gmt":"2025-02-27T13:13:09","guid":{"rendered":"http:\/\/www.batailledecastillon.com\/?page_id=136"},"modified":"2025-04-30T10:28:35","modified_gmt":"2025-04-30T08:28:35","slug":"ecological-commitment","status":"publish","type":"page","link":"https:\/\/www.batailledecastillon.com\/en\/ecological-commitment\/","title":{"rendered":"Ecology"},"content":{"rendered":"","protected":false},"excerpt":{"rendered":"","protected":false},"author":1,"featured_media":0,"parent":0,"menu_order":9,"comment_status":"closed","ping_status":"closed","template":"page-engagement.php","meta":{"_acf_changed":false,"slim_seo":{"description":"Nous avons choisi d\u2019\u00eatre accompagn\u00e9s une nouvelle fois par l\u2019association REEVE pour nous aider \u00e0 devenir plus \u00e9coresponsable et obtenir le label \u00e9co-\u00e9v\u00e9nement.","title":"La Bataille de Castillon - Engagement \u00e9cologique"},"footnotes":""},"class_list":["post-136","page","type-page","status-publish","hentry"],"acf":[],"_links":{"self":[{"href":"https:\/\/www.batailledecastillon.com\/en\/wp-json\/wp\/v2\/pages\/136","targetHints":{"allow":["GET"]}}],"collection":[{"href":"https:\/\/www.batailledecastillon.com\/en\/wp-json\/wp\/v2\/pages"}],"about":[{"href":"https:\/\/www.batailledecastillon.com\/en\/wp-json\/wp\/v2\/types\/page"}],"author":[{"embeddable":true,"href":"https:\/\/www.batailledecastillon.com\/en\/wp-json\/wp\/v2\/users\/1"}],"replies":[{"embeddable":true,"href":"https:\/\/www.batailledecastillon.com\/en\/wp-json\/wp\/v2\/comments?post=136"}],"version-history":[{"count":0,"href":"https:\/\/www.batailledecastillon.com\/en\/wp-json\/wp\/v2\/pages\/136\/revisions"}],"wp:attachment":[{"href":"https:\/\/www.batailledecastillon.com\/en\/wp-json\/wp\/v2\/media?parent=136"}],"curies":[{"name":"wp","href":"https:\/\/api.w.org\/{rel}","templated":true}]}}