{"id":132,"date":"2025-02-27T14:12:37","date_gmt":"2025-02-27T13:12:37","guid":{"rendered":"http:\/\/www.batailledecastillon.com\/?page_id=132"},"modified":"2025-04-30T10:27:50","modified_gmt":"2025-04-30T08:27:50","slug":"who-we-are","status":"publish","type":"page","link":"https:\/\/www.batailledecastillon.com\/en\/who-we-are\/","title":{"rendered":"Who are we?"},"content":{"rendered":"","protected":false},"excerpt":{"rendered":"","protected":false},"author":1,"featured_media":0,"parent":0,"menu_order":6,"comment_status":"closed","ping_status":"closed","template":"page-about.php","meta":{"_acf_changed":false,"slim_seo":{"description":"L\u2019id\u00e9e de c\u00e9l\u00e9brer cet \u00e9v\u00e8nement germa en 1953 lors des c\u00e9r\u00e9monies de son 500\u00e8me anniversaire. Participez \u00e0 la grande aventure en rejoignant nos 600 b\u00e9n\u00e9voles.","title":"La Bataille de Castillon - Qui sommes-nous ?"},"footnotes":""},"class_list":["post-132","page","type-page","status-publish","hentry"],"acf":[],"_links":{"self":[{"href":"https:\/\/www.batailledecastillon.com\/en\/wp-json\/wp\/v2\/pages\/132","targetHints":{"allow":["GET"]}}],"collection":[{"href":"https:\/\/www.batailledecastillon.com\/en\/wp-json\/wp\/v2\/pages"}],"about":[{"href":"https:\/\/www.batailledecastillon.com\/en\/wp-json\/wp\/v2\/types\/page"}],"author":[{"embeddable":true,"href":"https:\/\/www.batailledecastillon.com\/en\/wp-json\/wp\/v2\/users\/1"}],"replies":[{"embeddable":true,"href":"https:\/\/www.batailledecastillon.com\/en\/wp-json\/wp\/v2\/comments?post=132"}],"version-history":[{"count":0,"href":"https:\/\/www.batailledecastillon.com\/en\/wp-json\/wp\/v2\/pages\/132\/revisions"}],"wp:attachment":[{"href":"https:\/\/www.batailledecastillon.com\/en\/wp-json\/wp\/v2\/media?parent=132"}],"curies":[{"name":"wp","href":"https:\/\/api.w.org\/{rel}","templated":true}]}}