{"id":130,"date":"2025-02-27T14:11:45","date_gmt":"2025-02-27T13:11:45","guid":{"rendered":"http:\/\/www.batailledecastillon.com\/?page_id=130"},"modified":"2025-08-08T13:34:46","modified_gmt":"2025-08-08T11:34:46","slug":"contact","status":"publish","type":"page","link":"http:\/\/www.batailledecastillon.com\/en\/contact\/","title":{"rendered":"Contact"},"content":{"rendered":"","protected":false},"excerpt":{"rendered":"","protected":false},"author":1,"featured_media":0,"parent":0,"menu_order":10,"comment_status":"closed","ping_status":"closed","template":"page-contact.php","meta":{"_acf_changed":false,"slim_seo":{"description":"Retrouvez toutes nos informations t\u00e9l\u00e9phoniques, mail pour nous contacter, ainsi que les moyens d'acc\u00e8s .","title":"La Bataille de Castillon - Contact"},"footnotes":""},"class_list":["post-130","page","type-page","status-publish","hentry"],"acf":[],"_links":{"self":[{"href":"http:\/\/www.batailledecastillon.com\/en\/wp-json\/wp\/v2\/pages\/130","targetHints":{"allow":["GET"]}}],"collection":[{"href":"http:\/\/www.batailledecastillon.com\/en\/wp-json\/wp\/v2\/pages"}],"about":[{"href":"http:\/\/www.batailledecastillon.com\/en\/wp-json\/wp\/v2\/types\/page"}],"author":[{"embeddable":true,"href":"http:\/\/www.batailledecastillon.com\/en\/wp-json\/wp\/v2\/users\/1"}],"replies":[{"embeddable":true,"href":"http:\/\/www.batailledecastillon.com\/en\/wp-json\/wp\/v2\/comments?post=130"}],"version-history":[{"count":2,"href":"http:\/\/www.batailledecastillon.com\/en\/wp-json\/wp\/v2\/pages\/130\/revisions"}],"predecessor-version":[{"id":1832,"href":"http:\/\/www.batailledecastillon.com\/en\/wp-json\/wp\/v2\/pages\/130\/revisions\/1832"}],"wp:attachment":[{"href":"http:\/\/www.batailledecastillon.com\/en\/wp-json\/wp\/v2\/media?parent=130"}],"curies":[{"name":"wp","href":"https:\/\/api.w.org\/{rel}","templated":true}]}}